{"id":10,"date":"2024-03-16T16:27:33","date_gmt":"2024-03-16T16:27:33","guid":{"rendered":"https:\/\/mgv-eckenhaid.com\/?page_id=10"},"modified":"2025-05-18T18:49:45","modified_gmt":"2025-05-18T18:49:45","slug":"elementor-10","status":"publish","type":"page","link":"https:\/\/mgv-eckenhaid.com\/","title":{"rendered":"Home"},"content":{"rendered":"\t\t<div data-elementor-type=\"wp-page\" data-elementor-id=\"10\" class=\"elementor elementor-10\">\n\t\t\t\t\t\t<section class=\"elementor-section elementor-top-section elementor-element elementor-element-5f82afab elementor-section-boxed elementor-section-height-default elementor-section-height-default elementor-invisible\" data-id=\"5f82afab\" data-element_type=\"section\" data-settings=\"{&quot;background_background&quot;:&quot;classic&quot;,&quot;animation&quot;:&quot;fadeIn&quot;}\">\n\t\t\t\t\t\t\t<div class=\"elementor-background-overlay\"><\/div>\n\t\t\t\t\t\t\t<div class=\"elementor-container elementor-column-gap-default\">\n\t\t\t\t\t<div class=\"elementor-column elementor-col-100 elementor-top-column elementor-element elementor-element-7b8904c9\" data-id=\"7b8904c9\" data-element_type=\"column\">\n\t\t\t<div class=\"elementor-widget-wrap elementor-element-populated\">\n\t\t\t\t\t\t<div class=\"elementor-element elementor-element-2adc85d elementor-invisible elementor-widget elementor-widget-heading\" data-id=\"2adc85d\" data-element_type=\"widget\" data-settings=\"{&quot;_animation&quot;:&quot;fadeInUp&quot;,&quot;_animation_delay&quot;:&quot;200&quot;}\" data-widget_type=\"heading.default\">\n\t\t\t\t<div class=\"elementor-widget-container\">\n\t\t\t\t\t<h1 class=\"elementor-heading-title elementor-size-default\">MGV - Eckenhaid<\/h1>\t\t\t\t<\/div>\n\t\t\t\t<\/div>\n\t\t\t\t<div class=\"elementor-element elementor-element-476f5bf1 elementor-invisible elementor-widget elementor-widget-heading\" data-id=\"476f5bf1\" data-element_type=\"widget\" data-settings=\"{&quot;_animation&quot;:&quot;fadeInUp&quot;,&quot;_animation_delay&quot;:&quot;400&quot;}\" data-widget_type=\"heading.default\">\n\t\t\t\t<div class=\"elementor-widget-container\">\n\t\t\t\t\t<h3 class=\"elementor-heading-title elementor-size-default\">\n\n\n<\/h3>\t\t\t\t<\/div>\n\t\t\t\t<\/div>\n\t\t\t\t\t<\/div>\n\t\t<\/div>\n\t\t\t\t\t<\/div>\n\t\t<\/section>\n\t\t<div class=\"elementor-element elementor-element-f1c2614 e-flex e-con-boxed e-con e-parent\" data-id=\"f1c2614\" data-element_type=\"container\">\n\t\t\t\t\t<div class=\"e-con-inner\">\n\t\t<div class=\"elementor-element elementor-element-3bddb29 e-con-full e-flex e-con e-child\" data-id=\"3bddb29\" data-element_type=\"container\">\n\t\t\t\t<div class=\"elementor-element elementor-element-cb2a029 elementor-widget elementor-widget-text-editor\" data-id=\"cb2a029\" data-element_type=\"widget\" data-widget_type=\"text-editor.default\">\n\t\t\t\t<div class=\"elementor-widget-container\">\n\t\t\t\t\t\t\t\t\t<p>Seit 1905<\/p><p>Liebe Musikbegeisterte,<\/p><p>seit \u00fcber einem Jahrhundert teilen wir im M\u00e4nnergesangverein Eckenhaid die Freude am Gesang und die Verbundenheit durch die Musik. Egal, ob jung oder alt, erfahrener S\u00e4nger oder Neueinsteiger &#8211; bei uns findet jeder seinen Platz in unserer musikalischen Familie.<\/p><p>Treten Sie ein, bringen Sie Ihre Stimme ein und werden Sie Teil unserer Tradition!<\/p><p>Mit musikalischen Gr\u00fc\u00dfen,<\/p><p>Der MGV Eckenhaid<\/p>\t\t\t\t\t\t\t\t<\/div>\n\t\t\t\t<\/div>\n\t\t\t\t<\/div>\n\t\t<div class=\"elementor-element elementor-element-4c4e4f0 e-con-full e-flex e-con e-child\" data-id=\"4c4e4f0\" data-element_type=\"container\">\n\t\t\t\t<div class=\"elementor-element elementor-element-bd7bd8a elementor-widget elementor-widget-image\" data-id=\"bd7bd8a\" data-element_type=\"widget\" data-widget_type=\"image.default\">\n\t\t\t\t<div class=\"elementor-widget-container\">\n\t\t\t\t\t\t\t\t\t\t\t\t\t\t\t<img fetchpriority=\"high\" decoding=\"async\" width=\"765\" height=\"1024\" src=\"https:\/\/mgv-eckenhaid.com\/wp-content\/uploads\/2024\/03\/10339525_890737144321965_7084313060096324946_o-765x1024.jpg\" class=\"attachment-large size-large wp-image-73\" alt=\"\" srcset=\"https:\/\/mgv-eckenhaid.com\/wp-content\/uploads\/2024\/03\/10339525_890737144321965_7084313060096324946_o-765x1024.jpg 765w, https:\/\/mgv-eckenhaid.com\/wp-content\/uploads\/2024\/03\/10339525_890737144321965_7084313060096324946_o-224x300.jpg 224w, https:\/\/mgv-eckenhaid.com\/wp-content\/uploads\/2024\/03\/10339525_890737144321965_7084313060096324946_o-768x1029.jpg 768w, https:\/\/mgv-eckenhaid.com\/wp-content\/uploads\/2024\/03\/10339525_890737144321965_7084313060096324946_o-1147x1536.jpg 1147w, https:\/\/mgv-eckenhaid.com\/wp-content\/uploads\/2024\/03\/10339525_890737144321965_7084313060096324946_o.jpg 1529w\" sizes=\"(max-width: 765px) 100vw, 765px\" \/>\t\t\t\t\t\t\t\t\t\t\t\t\t\t\t<\/div>\n\t\t\t\t<\/div>\n\t\t\t\t<\/div>\n\t\t\t\t\t<\/div>\n\t\t\t\t<\/div>\n\t\t<div class=\"elementor-element elementor-element-fffee31 e-flex e-con-boxed e-con e-parent\" data-id=\"fffee31\" data-element_type=\"container\">\n\t\t\t\t\t<div class=\"e-con-inner\">\n\t\t<div class=\"elementor-element elementor-element-b0729ac e-con-full e-flex e-con e-child\" data-id=\"b0729ac\" data-element_type=\"container\">\n\t\t\t\t<div class=\"elementor-element elementor-element-4d14bbc elementor-widget elementor-widget-google_maps\" data-id=\"4d14bbc\" data-element_type=\"widget\" data-widget_type=\"google_maps.default\">\n\t\t\t\t<div class=\"elementor-widget-container\">\n\t\t\t\t\t\t\t<div class=\"elementor-custom-embed\">\n\t\t\t<iframe loading=\"lazy\"\n\t\t\t\t\tsrc=\"https:\/\/maps.google.com\/maps?q=Heidestra%C3%9Fe%2011%20Eckenhaid&#038;t=m&#038;z=13&#038;output=embed&#038;iwloc=near\"\n\t\t\t\t\ttitle=\"Heidestra\u00dfe 11 Eckenhaid\"\n\t\t\t\t\taria-label=\"Heidestra\u00dfe 11 Eckenhaid\"\n\t\t\t><\/iframe>\n\t\t<\/div>\n\t\t\t\t\t\t<\/div>\n\t\t\t\t<\/div>\n\t\t\t\t<\/div>\n\t\t<div class=\"elementor-element elementor-element-e94e4b4 e-con-full e-flex e-con e-child\" data-id=\"e94e4b4\" data-element_type=\"container\">\n\t\t\t\t<div class=\"elementor-element elementor-element-bb57be3 elementor-widget elementor-widget-text-editor\" data-id=\"bb57be3\" data-element_type=\"widget\" data-widget_type=\"text-editor.default\">\n\t\t\t\t<div class=\"elementor-widget-container\">\n\t\t\t\t\t\t\t\t\t<p><strong>Ort:<\/strong> Feuerwehrhaus Eckenhaid<br \/><strong>Adresse:<\/strong> Heidestra\u00dfe 11, 90542 Eckental<\/p><p><strong>Tag:<\/strong> Mittwoch<br \/><strong>Uhrzeit:<\/strong> 20:00 &#8211; 21:30 Uhr<\/p><p>Alle M\u00e4nner ab dem 14. Lebensjahr sind eingeladen bei uns mit zu singen. Unter professioneller Leitung von Wolfgang V\u00f6lkl, studierter Musikwissenschaftler.\u00a0<\/p><p>Unsere w\u00f6chentlichen Proben finden im einladenden Ambiente des Feuerwehrhauses statt. Tauche ein in die Welt des Gesangs, w\u00e4hrend wir gemeinsam an unserem Repertoire arbeiten und neue St\u00fccke entdecken.<\/p><p>Egal, ob du ein erfahrener S\u00e4nger bist oder deine ersten Schritte im Chorgesang machst, unsere T\u00fcren stehen offen f\u00fcr alle, die die Freude am Singen erleben m\u00f6chten. Keine Anmeldung erforderlich &#8211; komm einfach vorbei und sei Teil unserer musikalischen Gemeinschaft!<\/p><p>Wir freuen uns darauf, dich bei unserer n\u00e4chsten Probe zu sehen!<\/p>\t\t\t\t\t\t\t\t<\/div>\n\t\t\t\t<\/div>\n\t\t\t\t<\/div>\n\t\t\t\t\t<\/div>\n\t\t\t\t<\/div>\n\t\t<div class=\"elementor-element elementor-element-4d9e22fc e-flex e-con-boxed e-con e-parent\" data-id=\"4d9e22fc\" data-element_type=\"container\">\n\t\t\t\t\t<div class=\"e-con-inner\">\n\t\t\t\t<div class=\"elementor-element elementor-element-5b2fb743 elementor-widget elementor-widget-text-editor\" data-id=\"5b2fb743\" data-element_type=\"widget\" data-widget_type=\"text-editor.default\">\n\t\t\t\t<div class=\"elementor-widget-container\">\n\t\t\t\t\t\t\t\t\t<p style=\"text-align: center;\">Impressionen<\/p>\t\t\t\t\t\t\t\t<\/div>\n\t\t\t\t<\/div>\n\t\t\t\t\t<\/div>\n\t\t\t\t<\/div>\n\t\t\t\t<section class=\"elementor-section elementor-top-section elementor-element elementor-element-10eef641 elementor-section-boxed elementor-section-height-default elementor-section-height-default\" data-id=\"10eef641\" data-element_type=\"section\" data-settings=\"{&quot;background_background&quot;:&quot;classic&quot;}\">\n\t\t\t\t\t\t<div class=\"elementor-container elementor-column-gap-default\">\n\t\t\t\t\t<div class=\"elementor-column elementor-col-100 elementor-top-column elementor-element elementor-element-310f4849\" data-id=\"310f4849\" data-element_type=\"column\">\n\t\t\t<div class=\"elementor-widget-wrap elementor-element-populated\">\n\t\t\t\t\t\t<section class=\"elementor-section elementor-inner-section elementor-element elementor-element-45aac151 elementor-section-boxed elementor-section-height-default elementor-section-height-default\" data-id=\"45aac151\" data-element_type=\"section\">\n\t\t\t\t\t\t<div class=\"elementor-container elementor-column-gap-default\">\n\t\t\t\t\t<div class=\"elementor-column elementor-col-100 elementor-inner-column elementor-element elementor-element-3e9eba6e\" data-id=\"3e9eba6e\" data-element_type=\"column\">\n\t\t\t<div class=\"elementor-widget-wrap elementor-element-populated\">\n\t\t\t\t\t\t<div class=\"elementor-element elementor-element-5f0ed359 animated-slow elementor-invisible elementor-widget elementor-widget-heading\" data-id=\"5f0ed359\" data-element_type=\"widget\" data-settings=\"{&quot;_animation&quot;:&quot;fadeIn&quot;}\" data-widget_type=\"heading.default\">\n\t\t\t\t<div class=\"elementor-widget-container\">\n\t\t\t\t\t<h1 class=\"elementor-heading-title elementor-size-default\">Pommelsbrunn<\/h1>\t\t\t\t<\/div>\n\t\t\t\t<\/div>\n\t\t\t\t<div class=\"elementor-element elementor-element-48952e2a gallery-spacing-custom elementor-widget elementor-widget-image-gallery\" data-id=\"48952e2a\" data-element_type=\"widget\" data-widget_type=\"image-gallery.default\">\n\t\t\t\t<div class=\"elementor-widget-container\">\n\t\t\t\t\t\t\t<div class=\"elementor-image-gallery\">\n\t\t\t<div id='gallery-1' class='gallery galleryid-10 gallery-columns-3 gallery-size-full'><figure class='gallery-item'>\n\t\t\t<div class='gallery-icon landscape'>\n\t\t\t\t<a data-elementor-open-lightbox=\"yes\" data-elementor-lightbox-slideshow=\"48952e2a\" data-elementor-lightbox-title=\"Bild Grillen\" data-e-action-hash=\"#elementor-action%3Aaction%3Dlightbox%26settings%3DeyJpZCI6Mjc3LCJ1cmwiOiJodHRwczpcL1wvbWd2LWVja2VuaGFpZC5jb21cL3dwLWNvbnRlbnRcL3VwbG9hZHNcLzIwMjVcLzA1XC9CaWxkLUdyaWxsZW4tc2NhbGVkLmpwZWciLCJzbGlkZXNob3ciOiI0ODk1MmUyYSJ9\" href='https:\/\/mgv-eckenhaid.com\/wp-content\/uploads\/2025\/05\/Bild-Grillen-scaled.jpeg'><img decoding=\"async\" width=\"2560\" height=\"1920\" src=\"https:\/\/mgv-eckenhaid.com\/wp-content\/uploads\/2025\/05\/Bild-Grillen-scaled.jpeg\" class=\"attachment-full size-full\" alt=\"\" srcset=\"https:\/\/mgv-eckenhaid.com\/wp-content\/uploads\/2025\/05\/Bild-Grillen-scaled.jpeg 2560w, https:\/\/mgv-eckenhaid.com\/wp-content\/uploads\/2025\/05\/Bild-Grillen-300x225.jpeg 300w, https:\/\/mgv-eckenhaid.com\/wp-content\/uploads\/2025\/05\/Bild-Grillen-1024x768.jpeg 1024w, https:\/\/mgv-eckenhaid.com\/wp-content\/uploads\/2025\/05\/Bild-Grillen-768x576.jpeg 768w, https:\/\/mgv-eckenhaid.com\/wp-content\/uploads\/2025\/05\/Bild-Grillen-1536x1152.jpeg 1536w, https:\/\/mgv-eckenhaid.com\/wp-content\/uploads\/2025\/05\/Bild-Grillen-2048x1536.jpeg 2048w\" sizes=\"(max-width: 2560px) 100vw, 2560px\" \/><\/a>\n\t\t\t<\/div><\/figure><figure class='gallery-item'>\n\t\t\t<div class='gallery-icon landscape'>\n\t\t\t\t<a data-elementor-open-lightbox=\"yes\" data-elementor-lightbox-slideshow=\"48952e2a\" data-elementor-lightbox-title=\"Bild Grillen Singen\" data-e-action-hash=\"#elementor-action%3Aaction%3Dlightbox%26settings%3DeyJpZCI6Mjc4LCJ1cmwiOiJodHRwczpcL1wvbWd2LWVja2VuaGFpZC5jb21cL3dwLWNvbnRlbnRcL3VwbG9hZHNcLzIwMjVcLzA1XC9CaWxkLUdyaWxsZW4tU2luZ2VuLmpwZWciLCJzbGlkZXNob3ciOiI0ODk1MmUyYSJ9\" href='https:\/\/mgv-eckenhaid.com\/wp-content\/uploads\/2025\/05\/Bild-Grillen-Singen.jpeg'><img decoding=\"async\" width=\"2000\" height=\"1500\" src=\"https:\/\/mgv-eckenhaid.com\/wp-content\/uploads\/2025\/05\/Bild-Grillen-Singen.jpeg\" class=\"attachment-full size-full\" alt=\"\" srcset=\"https:\/\/mgv-eckenhaid.com\/wp-content\/uploads\/2025\/05\/Bild-Grillen-Singen.jpeg 2000w, https:\/\/mgv-eckenhaid.com\/wp-content\/uploads\/2025\/05\/Bild-Grillen-Singen-300x225.jpeg 300w, https:\/\/mgv-eckenhaid.com\/wp-content\/uploads\/2025\/05\/Bild-Grillen-Singen-1024x768.jpeg 1024w, https:\/\/mgv-eckenhaid.com\/wp-content\/uploads\/2025\/05\/Bild-Grillen-Singen-768x576.jpeg 768w, https:\/\/mgv-eckenhaid.com\/wp-content\/uploads\/2025\/05\/Bild-Grillen-Singen-1536x1152.jpeg 1536w\" sizes=\"(max-width: 2000px) 100vw, 2000px\" \/><\/a>\n\t\t\t<\/div><\/figure>\n\t\t<\/div>\n\t\t<\/div>\n\t\t\t\t\t\t<\/div>\n\t\t\t\t<\/div>\n\t\t\t\t\t<\/div>\n\t\t<\/div>\n\t\t\t\t\t<\/div>\n\t\t<\/section>\n\t\t\t\t\t<\/div>\n\t\t<\/div>\n\t\t\t\t\t<\/div>\n\t\t<\/section>\n\t\t\t\t<section class=\"elementor-section elementor-top-section elementor-element elementor-element-43461a28 elementor-section-boxed elementor-section-height-default elementor-section-height-default\" data-id=\"43461a28\" data-element_type=\"section\" data-settings=\"{&quot;background_background&quot;:&quot;classic&quot;}\">\n\t\t\t\t\t\t<div class=\"elementor-container elementor-column-gap-default\">\n\t\t\t\t\t<div class=\"elementor-column elementor-col-100 elementor-top-column elementor-element elementor-element-41f42057\" data-id=\"41f42057\" data-element_type=\"column\">\n\t\t\t<div class=\"elementor-widget-wrap elementor-element-populated\">\n\t\t\t\t\t\t<section class=\"elementor-section elementor-inner-section elementor-element elementor-element-30cf6f86 elementor-section-boxed elementor-section-height-default elementor-section-height-default\" data-id=\"30cf6f86\" data-element_type=\"section\">\n\t\t\t\t\t\t<div class=\"elementor-container elementor-column-gap-default\">\n\t\t\t\t\t<div class=\"elementor-column elementor-col-100 elementor-inner-column elementor-element elementor-element-2b91d9b0\" data-id=\"2b91d9b0\" data-element_type=\"column\">\n\t\t\t<div class=\"elementor-widget-wrap elementor-element-populated\">\n\t\t\t\t\t\t<div class=\"elementor-element elementor-element-383c1a99 animated-slow elementor-invisible elementor-widget elementor-widget-heading\" data-id=\"383c1a99\" data-element_type=\"widget\" data-settings=\"{&quot;_animation&quot;:&quot;fadeIn&quot;}\" data-widget_type=\"heading.default\">\n\t\t\t\t<div class=\"elementor-widget-container\">\n\t\t\t\t\t<h1 class=\"elementor-heading-title elementor-size-default\">S\u00e4ngerehrenmal Melkendorf.<\/h1>\t\t\t\t<\/div>\n\t\t\t\t<\/div>\n\t\t\t\t<div class=\"elementor-element elementor-element-28e2fe1 gallery-spacing-custom elementor-widget elementor-widget-image-gallery\" data-id=\"28e2fe1\" data-element_type=\"widget\" data-widget_type=\"image-gallery.default\">\n\t\t\t\t<div class=\"elementor-widget-container\">\n\t\t\t\t\t\t\t<div class=\"elementor-image-gallery\">\n\t\t\t<div id='gallery-2' class='gallery galleryid-10 gallery-columns-3 gallery-size-full'><figure class='gallery-item'>\n\t\t\t<div class='gallery-icon landscape'>\n\t\t\t\t<a data-elementor-open-lightbox=\"yes\" data-elementor-lightbox-slideshow=\"28e2fe1\" data-elementor-lightbox-title=\"59998041_2356935037702161_8406527724545376256_n\" data-e-action-hash=\"#elementor-action%3Aaction%3Dlightbox%26settings%3DeyJpZCI6MTIzLCJ1cmwiOiJodHRwczpcL1wvbWd2LWVja2VuaGFpZC5jb21cL3dwLWNvbnRlbnRcL3VwbG9hZHNcLzIwMjRcLzAzXC81OTk5ODA0MV8yMzU2OTM1MDM3NzAyMTYxXzg0MDY1Mjc3MjQ1NDUzNzYyNTZfbi5qcGciLCJzbGlkZXNob3ciOiIyOGUyZmUxIn0%3D\" href='https:\/\/mgv-eckenhaid.com\/wp-content\/uploads\/2024\/03\/59998041_2356935037702161_8406527724545376256_n.jpg'><img loading=\"lazy\" decoding=\"async\" width=\"960\" height=\"540\" src=\"https:\/\/mgv-eckenhaid.com\/wp-content\/uploads\/2024\/03\/59998041_2356935037702161_8406527724545376256_n.jpg\" class=\"attachment-full size-full\" alt=\"\" srcset=\"https:\/\/mgv-eckenhaid.com\/wp-content\/uploads\/2024\/03\/59998041_2356935037702161_8406527724545376256_n.jpg 960w, https:\/\/mgv-eckenhaid.com\/wp-content\/uploads\/2024\/03\/59998041_2356935037702161_8406527724545376256_n-300x169.jpg 300w, https:\/\/mgv-eckenhaid.com\/wp-content\/uploads\/2024\/03\/59998041_2356935037702161_8406527724545376256_n-768x432.jpg 768w, https:\/\/mgv-eckenhaid.com\/wp-content\/uploads\/2024\/03\/59998041_2356935037702161_8406527724545376256_n-800x450.jpg 800w\" sizes=\"(max-width: 960px) 100vw, 960px\" \/><\/a>\n\t\t\t<\/div><\/figure><figure class='gallery-item'>\n\t\t\t<div class='gallery-icon landscape'>\n\t\t\t\t<a data-elementor-open-lightbox=\"yes\" data-elementor-lightbox-slideshow=\"28e2fe1\" data-elementor-lightbox-title=\"60332581_2356934957702169_1559061381712445440_n (1)\" data-e-action-hash=\"#elementor-action%3Aaction%3Dlightbox%26settings%3DeyJpZCI6MTI0LCJ1cmwiOiJodHRwczpcL1wvbWd2LWVja2VuaGFpZC5jb21cL3dwLWNvbnRlbnRcL3VwbG9hZHNcLzIwMjRcLzAzXC82MDMzMjU4MV8yMzU2OTM0OTU3NzAyMTY5XzE1NTkwNjEzODE3MTI0NDU0NDBfbi0xLmpwZyIsInNsaWRlc2hvdyI6IjI4ZTJmZTEifQ%3D%3D\" href='https:\/\/mgv-eckenhaid.com\/wp-content\/uploads\/2024\/03\/60332581_2356934957702169_1559061381712445440_n-1.jpg'><img loading=\"lazy\" decoding=\"async\" width=\"960\" height=\"540\" src=\"https:\/\/mgv-eckenhaid.com\/wp-content\/uploads\/2024\/03\/60332581_2356934957702169_1559061381712445440_n-1.jpg\" class=\"attachment-full size-full\" alt=\"\" srcset=\"https:\/\/mgv-eckenhaid.com\/wp-content\/uploads\/2024\/03\/60332581_2356934957702169_1559061381712445440_n-1.jpg 960w, https:\/\/mgv-eckenhaid.com\/wp-content\/uploads\/2024\/03\/60332581_2356934957702169_1559061381712445440_n-1-300x169.jpg 300w, https:\/\/mgv-eckenhaid.com\/wp-content\/uploads\/2024\/03\/60332581_2356934957702169_1559061381712445440_n-1-768x432.jpg 768w, https:\/\/mgv-eckenhaid.com\/wp-content\/uploads\/2024\/03\/60332581_2356934957702169_1559061381712445440_n-1-800x450.jpg 800w\" sizes=\"(max-width: 960px) 100vw, 960px\" \/><\/a>\n\t\t\t<\/div><\/figure><figure class='gallery-item'>\n\t\t\t<div class='gallery-icon landscape'>\n\t\t\t\t<a data-elementor-open-lightbox=\"yes\" data-elementor-lightbox-slideshow=\"28e2fe1\" data-elementor-lightbox-title=\"60333783_2356934834368848_2126797908681424896_n\" data-e-action-hash=\"#elementor-action%3Aaction%3Dlightbox%26settings%3DeyJpZCI6MTI1LCJ1cmwiOiJodHRwczpcL1wvbWd2LWVja2VuaGFpZC5jb21cL3dwLWNvbnRlbnRcL3VwbG9hZHNcLzIwMjRcLzAzXC82MDMzMzc4M18yMzU2OTM0ODM0MzY4ODQ4XzIxMjY3OTc5MDg2ODE0MjQ4OTZfbi5qcGciLCJzbGlkZXNob3ciOiIyOGUyZmUxIn0%3D\" href='https:\/\/mgv-eckenhaid.com\/wp-content\/uploads\/2024\/03\/60333783_2356934834368848_2126797908681424896_n.jpg'><img loading=\"lazy\" decoding=\"async\" width=\"960\" height=\"720\" src=\"https:\/\/mgv-eckenhaid.com\/wp-content\/uploads\/2024\/03\/60333783_2356934834368848_2126797908681424896_n.jpg\" class=\"attachment-full size-full\" alt=\"\" srcset=\"https:\/\/mgv-eckenhaid.com\/wp-content\/uploads\/2024\/03\/60333783_2356934834368848_2126797908681424896_n.jpg 960w, https:\/\/mgv-eckenhaid.com\/wp-content\/uploads\/2024\/03\/60333783_2356934834368848_2126797908681424896_n-300x225.jpg 300w, https:\/\/mgv-eckenhaid.com\/wp-content\/uploads\/2024\/03\/60333783_2356934834368848_2126797908681424896_n-768x576.jpg 768w\" sizes=\"(max-width: 960px) 100vw, 960px\" \/><\/a>\n\t\t\t<\/div><\/figure>\n\t\t<\/div>\n\t\t<\/div>\n\t\t\t\t\t\t<\/div>\n\t\t\t\t<\/div>\n\t\t\t\t\t<\/div>\n\t\t<\/div>\n\t\t\t\t\t<\/div>\n\t\t<\/section>\n\t\t\t\t\t<\/div>\n\t\t<\/div>\n\t\t\t\t\t<\/div>\n\t\t<\/section>\n\t\t<div class=\"elementor-element elementor-element-7ce5a88f e-flex e-con-boxed e-con e-parent\" data-id=\"7ce5a88f\" data-element_type=\"container\">\n\t\t\t\t\t<div class=\"e-con-inner\">\n\t\t\t\t<div class=\"elementor-element elementor-element-322d7ce0 elementor-align-center elementor-widget elementor-widget-button\" data-id=\"322d7ce0\" data-element_type=\"widget\" data-widget_type=\"button.default\">\n\t\t\t\t<div class=\"elementor-widget-container\">\n\t\t\t\t\t\t\t\t\t<div class=\"elementor-button-wrapper\">\n\t\t\t\t\t<a class=\"elementor-button elementor-button-link elementor-size-sm\" href=\"https:\/\/mgv-eckenhaid.com\/?page_id=29\">\n\t\t\t\t\t\t<span class=\"elementor-button-content-wrapper\">\n\t\t\t\t\t\t\t\t\t<span class=\"elementor-button-text\">weitere Impressionenen<\/span>\n\t\t\t\t\t<\/span>\n\t\t\t\t\t<\/a>\n\t\t\t\t<\/div>\n\t\t\t\t\t\t\t\t<\/div>\n\t\t\t\t<\/div>\n\t\t\t\t\t<\/div>\n\t\t\t\t<\/div>\n\t\t\t\t<section class=\"elementor-section elementor-top-section elementor-element elementor-element-487d3a40 elementor-section-boxed elementor-section-height-default elementor-section-height-default\" data-id=\"487d3a40\" data-element_type=\"section\" data-settings=\"{&quot;background_background&quot;:&quot;classic&quot;}\">\n\t\t\t\t\t\t<div class=\"elementor-container elementor-column-gap-default\">\n\t\t\t\t\t<div class=\"elementor-column elementor-col-100 elementor-top-column elementor-element elementor-element-74af2b91\" data-id=\"74af2b91\" data-element_type=\"column\">\n\t\t\t<div class=\"elementor-widget-wrap\">\n\t\t\t\t\t\t\t<\/div>\n\t\t<\/div>\n\t\t\t\t\t<\/div>\n\t\t<\/section>\n\t\t\t\t<\/div>\n\t\t","protected":false},"excerpt":{"rendered":"<p>MGV &#8211; Eckenhaid Seit 1905 Liebe Musikbegeisterte, seit \u00fcber einem Jahrhundert teilen wir im M\u00e4nnergesangverein Eckenhaid die Freude am Gesang und die Verbundenheit durch die Musik. Egal, ob jung oder [&hellip;]<\/p>\n","protected":false},"author":1,"featured_media":0,"parent":0,"menu_order":0,"comment_status":"closed","ping_status":"closed","template":"","meta":{"ocean_post_layout":"full-screen","ocean_both_sidebars_style":"","ocean_both_sidebars_content_width":0,"ocean_both_sidebars_sidebars_width":0,"ocean_sidebar":"","ocean_second_sidebar":"","ocean_disable_margins":"enable","ocean_add_body_class":"","ocean_shortcode_before_top_bar":"","ocean_shortcode_after_top_bar":"","ocean_shortcode_before_header":"","ocean_shortcode_after_header":"","ocean_has_shortcode":"","ocean_shortcode_after_title":"","ocean_shortcode_before_footer_widgets":"","ocean_shortcode_after_footer_widgets":"","ocean_shortcode_before_footer_bottom":"","ocean_shortcode_after_footer_bottom":"","ocean_display_top_bar":"off","ocean_display_header":"default","ocean_header_style":"","ocean_center_header_left_menu":"","ocean_custom_header_template":"","ocean_custom_logo":0,"ocean_custom_retina_logo":0,"ocean_custom_logo_max_width":0,"ocean_custom_logo_tablet_max_width":0,"ocean_custom_logo_mobile_max_width":0,"ocean_custom_logo_max_height":0,"ocean_custom_logo_tablet_max_height":0,"ocean_custom_logo_mobile_max_height":0,"ocean_header_custom_menu":"","ocean_menu_typo_font_family":"","ocean_menu_typo_font_subset":"","ocean_menu_typo_font_size":0,"ocean_menu_typo_font_size_tablet":0,"ocean_menu_typo_font_size_mobile":0,"ocean_menu_typo_font_size_unit":"px","ocean_menu_typo_font_weight":"","ocean_menu_typo_font_weight_tablet":"","ocean_menu_typo_font_weight_mobile":"","ocean_menu_typo_transform":"","ocean_menu_typo_transform_tablet":"","ocean_menu_typo_transform_mobile":"","ocean_menu_typo_line_height":0,"ocean_menu_typo_line_height_tablet":0,"ocean_menu_typo_line_height_mobile":0,"ocean_menu_typo_line_height_unit":"","ocean_menu_typo_spacing":0,"ocean_menu_typo_spacing_tablet":0,"ocean_menu_typo_spacing_mobile":0,"ocean_menu_typo_spacing_unit":"","ocean_menu_link_color":"","ocean_menu_link_color_hover":"","ocean_menu_link_color_active":"","ocean_menu_link_background":"","ocean_menu_link_hover_background":"","ocean_menu_link_active_background":"","ocean_menu_social_links_bg":"","ocean_menu_social_hover_links_bg":"","ocean_menu_social_links_color":"","ocean_menu_social_hover_links_color":"","ocean_disable_title":"on","ocean_disable_heading":"default","ocean_post_title":"","ocean_post_subheading":"","ocean_post_title_style":"","ocean_post_title_background_color":"","ocean_post_title_background":0,"ocean_post_title_bg_image_position":"","ocean_post_title_bg_image_attachment":"","ocean_post_title_bg_image_repeat":"","ocean_post_title_bg_image_size":"","ocean_post_title_height":0,"ocean_post_title_bg_overlay":0.5,"ocean_post_title_bg_overlay_color":"","ocean_disable_breadcrumbs":"default","ocean_breadcrumbs_color":"","ocean_breadcrumbs_separator_color":"","ocean_breadcrumbs_links_color":"","ocean_breadcrumbs_links_hover_color":"","ocean_display_footer_widgets":"off","ocean_display_footer_bottom":"off","ocean_custom_footer_template":"","footnotes":""},"class_list":["post-10","page","type-page","status-publish","hentry","entry"],"_links":{"self":[{"href":"https:\/\/mgv-eckenhaid.com\/index.php?rest_route=\/wp\/v2\/pages\/10","targetHints":{"allow":["GET"]}}],"collection":[{"href":"https:\/\/mgv-eckenhaid.com\/index.php?rest_route=\/wp\/v2\/pages"}],"about":[{"href":"https:\/\/mgv-eckenhaid.com\/index.php?rest_route=\/wp\/v2\/types\/page"}],"author":[{"embeddable":true,"href":"https:\/\/mgv-eckenhaid.com\/index.php?rest_route=\/wp\/v2\/users\/1"}],"replies":[{"embeddable":true,"href":"https:\/\/mgv-eckenhaid.com\/index.php?rest_route=%2Fwp%2Fv2%2Fcomments&post=10"}],"version-history":[{"count":69,"href":"https:\/\/mgv-eckenhaid.com\/index.php?rest_route=\/wp\/v2\/pages\/10\/revisions"}],"predecessor-version":[{"id":284,"href":"https:\/\/mgv-eckenhaid.com\/index.php?rest_route=\/wp\/v2\/pages\/10\/revisions\/284"}],"wp:attachment":[{"href":"https:\/\/mgv-eckenhaid.com\/index.php?rest_route=%2Fwp%2Fv2%2Fmedia&parent=10"}],"curies":[{"name":"wp","href":"https:\/\/api.w.org\/{rel}","templated":true}]}}